{"id":30226,"date":"2025-10-10T07:20:28","date_gmt":"2025-10-10T07:20:28","guid":{"rendered":"https:\/\/taskinmodatekstil.com\/404-2\/"},"modified":"2026-01-11T06:39:13","modified_gmt":"2026-01-11T06:39:13","slug":"404-2","status":"publish","type":"page","link":"https:\/\/taskinmodatekstil.com\/en\/404-2\/","title":{"rendered":"404"},"content":{"rendered":"\t\t<div data-elementor-type=\"wp-page\" data-elementor-id=\"30226\" class=\"elementor elementor-30226 elementor-29645\">\n\t\t\t\t\t\t<section class=\"wd-negative-gap elementor-section elementor-top-section elementor-element elementor-element-3612d246 elementor-section-content-middle elementor-reverse-mobile elementor-section-boxed elementor-section-height-default elementor-section-height-default\" data-id=\"3612d246\" data-element_type=\"section\" data-e-type=\"section\">\n\t\t\t\t\t\t<div class=\"elementor-container elementor-column-gap-default\">\n\t\t\t\t\t<div class=\"elementor-column elementor-col-50 elementor-top-column elementor-element elementor-element-2736901d\" data-id=\"2736901d\" data-element_type=\"column\" data-e-type=\"column\" data-settings=\"{&quot;background_background&quot;:&quot;classic&quot;}\">\n\t\t\t<div class=\"elementor-widget-wrap elementor-element-populated\">\n\t\t\t\t\t\t<div class=\"elementor-element elementor-element-2a31b0e8 wd-width-100 elementor-widget elementor-widget-wd_title\" data-id=\"2a31b0e8\" data-element_type=\"widget\" data-e-type=\"widget\" data-widget_type=\"wd_title.default\">\n\t\t\t\t<div class=\"elementor-widget-container\">\n\t\t\t\t\t\t\t<div class=\"title-wrapper wd-set-mb reset-last-child wd-title-color-primary wd-title-style-default wd-title-size-default text-center\">\n\n\t\t\t\n\t\t\t<div class=\"liner-continer\">\n\t\t\t\t<h4 class=\"woodmart-title-container title wd-fontsize-l\">PAGE NOT FOUND<\/h4> \n\t\t\t\t\t\t\t<\/div>\n\n\t\t\t\t\t<\/div>\n\t\t\t\t\t\t<\/div>\n\t\t\t\t<\/div>\n\t\t\t\t<div class=\"elementor-element elementor-element-62c36dea elementor-widget elementor-widget-wd_text_block\" data-id=\"62c36dea\" data-element_type=\"widget\" data-e-type=\"widget\" data-widget_type=\"wd_text_block.default\">\n\t\t\t\t<div class=\"elementor-widget-container\">\n\t\t\t\t\t\t\t<div class=\"wd-text-block reset-last-child text-center\">\n\t\t\t\n\t\t\tThe page you are looking for may have been deleted or renamed. Please be sure of the page you are looking for, or browse our other pages.\n\nYou can search among our designs if you wish.\n\t\t\t\t\t<\/div>\n\t\t\t\t\t\t<\/div>\n\t\t\t\t<\/div>\n\t\t\t\t<div class=\"elementor-element elementor-element-1b9be250 elementor-widget elementor-widget-wd_search\" data-id=\"1b9be250\" data-element_type=\"widget\" data-e-type=\"widget\" data-widget_type=\"wd_search.default\">\n\t\t\t\t<div class=\"elementor-widget-container\">\n\t\t\t\t\t\t\t<div class=\"wd-el-search woodmart-ajax-search  wd-color-\">\n\t\t\t<div class=\"wd-search-form \">\n\n<form role=\"search\" method=\"get\" class=\"searchform  wd-with-cat wd-style-default wd-cat-style-bordered woodmart-ajax-search\" action=\"https:\/\/taskinmodatekstil.com\/en\/\"  data-thumbnail=\"1\" data-price=\"1\" data-post_type=\"product\" data-count=\"8\" data-sku=\"0\" data-symbols_count=\"3\" data-include_cat_search=\"no\" autocomplete=\"off\">\n\t<input type=\"text\" class=\"s\" placeholder=\"\u00dcr\u00fcnleri aray\u0131n\" value=\"\" name=\"s\" aria-label=\"Search\" title=\"\u00dcr\u00fcnleri aray\u0131n\" required\/>\n\t<input type=\"hidden\" name=\"post_type\" value=\"product\">\n\n\t<span class=\"wd-clear-search wd-hide\"><\/span>\n\n\t\t\t\t\t\t<div class=\"wd-search-cat wd-event-click wd-scroll\">\n\t\t\t\t<input type=\"hidden\" name=\"product_cat\" value=\"0\">\n\t\t\t\t<a href=\"#\" rel=\"nofollow\" data-val=\"0\">\n\t\t\t\t\t<span>\n\t\t\t\t\t\tSelect category\t\t\t\t\t<\/span>\n\t\t\t\t<\/a>\n\t\t\t\t<div class=\"wd-dropdown wd-dropdown-search-cat wd-dropdown-menu wd-scroll-content wd-design-default\">\n\t\t\t\t\t<ul class=\"wd-sub-menu\">\n\t\t\t\t\t\t<li style=\"display:none;\"><a href=\"#\" data-val=\"0\">Select category<\/a><\/li>\n\t\t\t\t\t\t\t<li class=\"cat-item cat-item-175\"><a class=\"pf-value\" href=\"https:\/\/taskinmodatekstil.com\/en\/urun-kategori\/bikini-en\/\" data-val=\"bikini-en\" data-title=\"Bikini\" >Bikini<\/a>\n<\/li>\n\t<li class=\"cat-item cat-item-182\"><a class=\"pf-value\" href=\"https:\/\/taskinmodatekstil.com\/en\/urun-kategori\/dress\/\" data-val=\"dress\" data-title=\"Dress\" >Dress<\/a>\n<\/li>\n\t<li class=\"cat-item cat-item-178\"><a class=\"pf-value\" href=\"https:\/\/taskinmodatekstil.com\/en\/urun-kategori\/jacket\/\" data-val=\"jacket\" data-title=\"Jacket\" >Jacket<\/a>\n<\/li>\n\t<li class=\"cat-item cat-item-176\"><a class=\"pf-value\" href=\"https:\/\/taskinmodatekstil.com\/en\/urun-kategori\/knitwear\/\" data-val=\"knitwear\" data-title=\"Knitwear\" >Knitwear<\/a>\n<\/li>\n\t<li class=\"cat-item cat-item-179\"><a class=\"pf-value\" href=\"https:\/\/taskinmodatekstil.com\/en\/urun-kategori\/mens-shirt\/\" data-val=\"mens-shirt\" data-title=\"Men&#039;s Shirt\" >Men&#039;s Shirt<\/a>\n<\/li>\n\t<li class=\"cat-item cat-item-180\"><a class=\"pf-value\" href=\"https:\/\/taskinmodatekstil.com\/en\/urun-kategori\/mens-sweatpants\/\" data-val=\"mens-sweatpants\" data-title=\"Men&#039;s Sweatpants\" >Men&#039;s Sweatpants<\/a>\n<\/li>\n\t<li class=\"cat-item cat-item-181\"><a class=\"pf-value\" href=\"https:\/\/taskinmodatekstil.com\/en\/urun-kategori\/mens-t-shirt\/\" data-val=\"mens-t-shirt\" data-title=\"Men&#039;s T-Shirt\" >Men&#039;s T-Shirt<\/a>\n<\/li>\n\t<li class=\"cat-item cat-item-251\"><a class=\"pf-value\" href=\"https:\/\/taskinmodatekstil.com\/en\/urun-kategori\/underwear\/\" data-val=\"underwear\" data-title=\"Underwear\" >Underwear<\/a>\n<\/li>\n\t<li class=\"cat-item cat-item-177\"><a class=\"pf-value\" href=\"https:\/\/taskinmodatekstil.com\/en\/urun-kategori\/womens-cropped-sweatshirt\/\" data-val=\"womens-cropped-sweatshirt\" data-title=\"Women&#039;s Cropped Sweatshirt\" >Women&#039;s Cropped Sweatshirt<\/a>\n<\/li>\n\t\t\t\t\t<\/ul>\n\t\t\t\t<\/div>\n\t\t\t<\/div>\n\t\t\t\t\n\t<button type=\"submit\" class=\"searchsubmit\">\n\t\t<span>\n\t\t\tSearch\t\t<\/span>\n\t\t\t<\/button>\n<\/form>\n\n\t<div class=\"wd-search-results-wrapper\">\n\t\t<div class=\"wd-search-results wd-dropdown-results wd-dropdown wd-scroll\">\n\t\t\t<div class=\"wd-scroll-content\">\n\t\t\t\t\n\t\t\t\t\n\t\t\t\t\t\t\t<\/div>\n\t\t<\/div>\n\t<\/div>\n\n<\/div>\n\t\t<\/div>\n\t\t\t\t\t\t<\/div>\n\t\t\t\t<\/div>\n\t\t\t\t\t<\/div>\n\t\t<\/div>\n\t\t\t\t<div class=\"elementor-column elementor-col-50 elementor-top-column elementor-element elementor-element-3874f19\" data-id=\"3874f19\" data-element_type=\"column\" data-e-type=\"column\">\n\t\t\t<div class=\"elementor-widget-wrap elementor-element-populated\">\n\t\t\t\t\t\t<div class=\"elementor-element elementor-element-2863f0ef elementor-widget elementor-widget-wd_image_or_svg\" data-id=\"2863f0ef\" data-element_type=\"widget\" data-e-type=\"widget\" data-widget_type=\"wd_image_or_svg.default\">\n\t\t\t\t<div class=\"elementor-widget-container\">\n\t\t\t\t\t\n\t\t<div class=\"wd-image text-left\">\n\t\t\t\t\t\t\t\t<img loading=\"lazy\" decoding=\"async\"  src=\"https:\/\/taskinmodatekstil.com\/wp-content\/uploads\/2025\/10\/Kirik-Igne.svg\" title=\"K\u0131r\u0131k \u0130\u011fne\" loading=\"lazy\" width=\"3000\" height=\"3000\">\t\t\t\t\t<\/div>\n\n\t\t\t\t\t\t<\/div>\n\t\t\t\t<\/div>\n\t\t\t\t\t<\/div>\n\t\t<\/div>\n\t\t\t\t\t<\/div>\n\t\t<\/section>\n\t\t\t\t<\/div>\n\t\t","protected":false},"excerpt":{"rendered":"<p>PAGE NOT FOUND The page you are looking for may have been deleted or renamed. Please be sure of the<\/p>\n","protected":false},"author":1,"featured_media":0,"parent":0,"menu_order":0,"comment_status":"closed","ping_status":"closed","template":"","meta":{"footnotes":""},"class_list":["post-30226","page","type-page","status-publish","hentry"],"_hostinger_reach_plugin_has_subscription_block":false,"_hostinger_reach_plugin_is_elementor":false,"_links":{"self":[{"href":"https:\/\/taskinmodatekstil.com\/en\/wp-json\/wp\/v2\/pages\/30226","targetHints":{"allow":["GET"]}}],"collection":[{"href":"https:\/\/taskinmodatekstil.com\/en\/wp-json\/wp\/v2\/pages"}],"about":[{"href":"https:\/\/taskinmodatekstil.com\/en\/wp-json\/wp\/v2\/types\/page"}],"author":[{"embeddable":true,"href":"https:\/\/taskinmodatekstil.com\/en\/wp-json\/wp\/v2\/users\/1"}],"replies":[{"embeddable":true,"href":"https:\/\/taskinmodatekstil.com\/en\/wp-json\/wp\/v2\/comments?post=30226"}],"version-history":[{"count":4,"href":"https:\/\/taskinmodatekstil.com\/en\/wp-json\/wp\/v2\/pages\/30226\/revisions"}],"predecessor-version":[{"id":30289,"href":"https:\/\/taskinmodatekstil.com\/en\/wp-json\/wp\/v2\/pages\/30226\/revisions\/30289"}],"wp:attachment":[{"href":"https:\/\/taskinmodatekstil.com\/en\/wp-json\/wp\/v2\/media?parent=30226"}],"curies":[{"name":"wp","href":"https:\/\/api.w.org\/{rel}","templated":true}]}}